{"id":1272,"date":"2023-11-16T15:38:56","date_gmt":"2023-11-16T15:38:56","guid":{"rendered":"https:\/\/grupopf.com.mx\/?page_id=1272"},"modified":"2023-11-16T15:40:36","modified_gmt":"2023-11-16T15:40:36","slug":"virtualize","status":"publish","type":"page","link":"https:\/\/grupopf.com.mx\/index.php\/virtualize\/","title":{"rendered":"Virtualize"},"content":{"rendered":"\t\t<div data-elementor-type=\"wp-page\" data-elementor-id=\"1272\" class=\"elementor elementor-1272\">\n\t\t\t\t<div class=\"elementor-element elementor-element-c2b1c1c e-flex e-con-boxed wpr-particle-no wpr-jarallax-no wpr-parallax-no wpr-sticky-section-no e-con e-parent\" data-id=\"c2b1c1c\" data-element_type=\"container\">\n\t\t\t\t\t<div class=\"e-con-inner\">\n\t\t\t\t\t<\/div>\n\t\t\t\t<\/div>\n\t\t<div class=\"elementor-element elementor-element-ffe41aa e-flex e-con-boxed wpr-particle-no wpr-jarallax-no wpr-parallax-no wpr-sticky-section-no e-con e-parent\" data-id=\"ffe41aa\" data-element_type=\"container\">\n\t\t\t\t\t<div class=\"e-con-inner\">\n\t\t\t\t\t<\/div>\n\t\t\t\t<\/div>\n\t\t<div class=\"elementor-element elementor-element-5268159 e-flex e-con-boxed wpr-particle-no wpr-jarallax-no wpr-parallax-no wpr-sticky-section-no e-con e-parent\" data-id=\"5268159\" data-element_type=\"container\" data-settings=\"{&quot;background_background&quot;:&quot;gradient&quot;}\">\n\t\t\t\t\t<div class=\"e-con-inner\">\n\t\t<div class=\"elementor-element elementor-element-2dfec93 e-con-full e-flex wpr-particle-no wpr-jarallax-no wpr-parallax-no wpr-sticky-section-no e-con e-child\" data-id=\"2dfec93\" data-element_type=\"container\">\n\t\t\t\t<div class=\"elementor-element elementor-element-175c02d elementor-widget elementor-widget-page-title\" data-id=\"175c02d\" data-element_type=\"widget\" data-widget_type=\"page-title.default\">\n\t\t\t\t<div class=\"elementor-widget-container\">\n\t\t\t\t\t\t\t\n\t\t<div class=\"hfe-page-title hfe-page-title-wrapper elementor-widget-heading\">\n\n\t\t\t\t\t\t\t\t\t\t\t<a href=\"https:\/\/grupopf.com.mx\">\n\t\t\t\t\t\t<h2 class=\"elementor-heading-title elementor-size-default\">\n\t\t\t\t\t\t\t\t\n\t\t\t\tVirtualize  \n\t\t\t<\/h2 > \n\t\t\t\t\t\t\t\t\t<\/a>\n\t\t\t\t\t<\/div>\n\t\t\t\t\t\t<\/div>\n\t\t\t\t<\/div>\n\t\t\t\t<div class=\"elementor-element elementor-element-6d1ef65 elementor-widget elementor-widget-text-editor\" data-id=\"6d1ef65\" data-element_type=\"widget\" data-widget_type=\"text-editor.default\">\n\t\t\t\t<div class=\"elementor-widget-container\">\n\t\t\t\t\t\t\t\t\t<p><span style=\"margin: 0px; padding: 0px; border: 0px; outline: 0px; text-size-adjust: 100%; vertical-align: baseline; background-image: initial; background-position: initial; background-size: initial; background-repeat: initial; background-attachment: initial; background-origin: initial; background-clip: initial; font-family: 'Open Sans', sans-serif; letter-spacing: 1px;\"><span style=\"margin: 0px; padding: 0px; border: 0px; outline: 0px; text-size-adjust: 100%; vertical-align: inherit; background: transparent;\"><span style=\"margin: 0px; padding: 0px; border: 0px; outline: 0px; text-size-adjust: 100%; vertical-align: inherit; background: transparent;\">Esta soluci\u00f3n innovadora ofrece una variedad de beneficios para los equipos de desarrollo de software modernos al permitirles crear\u00a0<\/span><\/span><span style=\"margin: 0px; padding: 0px; border: 0px; outline: 0px; text-size-adjust: 100%; vertical-align: baseline; background: transparent; font-weight: bold;\"><span style=\"margin: 0px; padding: 0px; border: 0px; outline: 0px; text-size-adjust: 100%; vertical-align: inherit; background: transparent;\"><span style=\"margin: 0px; padding: 0px; border: 0px; outline: 0px; text-size-adjust: 100%; vertical-align: inherit; background: transparent;\">bases de datos en contenedores<\/span><\/span><\/span><span style=\"margin: 0px; padding: 0px; border: 0px; outline: 0px; text-size-adjust: 100%; vertical-align: inherit; background: transparent;\"><span style=\"margin: 0px; padding: 0px; border: 0px; outline: 0px; text-size-adjust: 100%; vertical-align: inherit; background: transparent;\">\u00a0.\u00a0<\/span><span style=\"margin: 0px; padding: 0px; border: 0px; outline: 0px; text-size-adjust: 100%; vertical-align: inherit; background: transparent;\">Clone sus bases de datos r\u00e1pida y f\u00e1cilmente<\/span><\/span><\/span><span style=\"margin: 0px; padding: 0px; border: 0px; outline: 0px; text-size-adjust: 100%; vertical-align: inherit; background-image: initial; background-position: initial; background-size: initial; background-repeat: initial; background-attachment: initial; background-origin: initial; background-clip: initial; font-family: 'Open Sans', sans-serif; letter-spacing: 1px;\">\u00a0sin consumir almacenamiento adicional<\/span><span style=\"margin: 0px; padding: 0px; border: 0px; outline: 0px; text-size-adjust: 100%; vertical-align: baseline; background-image: initial; background-position: initial; background-size: initial; background-repeat: initial; background-attachment: initial; background-origin: initial; background-clip: initial; font-family: 'Open Sans', sans-serif; letter-spacing: 1px;\"><span style=\"margin: 0px; padding: 0px; border: 0px; outline: 0px; text-size-adjust: 100%; vertical-align: inherit; background: transparent;\"><span style=\"margin: 0px; padding: 0px; border: 0px; outline: 0px; text-size-adjust: 100%; vertical-align: inherit; background: transparent;\">.\u00a0<\/span><span style=\"margin: 0px; padding: 0px; border: 0px; outline: 0px; text-size-adjust: 100%; vertical-align: inherit; background: transparent;\">Retroceda a un estado anterior si es necesario.<\/span><\/span><\/span><\/p>\t\t\t\t\t\t\t\t<\/div>\n\t\t\t\t<\/div>\n\t\t\t\t<\/div>\n\t\t<div class=\"elementor-element elementor-element-ed40013 e-con-full e-flex wpr-particle-no wpr-jarallax-no wpr-parallax-no wpr-sticky-section-no e-con e-child\" data-id=\"ed40013\" data-element_type=\"container\" data-settings=\"{&quot;background_background&quot;:&quot;classic&quot;}\">\n\t\t\t\t<div class=\"elementor-element elementor-element-1cba637 elementor-widget elementor-widget-text-editor\" data-id=\"1cba637\" data-element_type=\"widget\" data-widget_type=\"text-editor.default\">\n\t\t\t\t<div class=\"elementor-widget-container\">\n\t\t\t\t\t\t\t\t\t<strong>Caracter\u00edsticas<\/strong>\t\t\t\t\t\t\t\t<\/div>\n\t\t\t\t<\/div>\n\t\t\t\t<div class=\"elementor-element elementor-element-046c68e elementor-widget elementor-widget-text-editor\" data-id=\"046c68e\" data-element_type=\"widget\" data-widget_type=\"text-editor.default\">\n\t\t\t\t<div class=\"elementor-widget-container\">\n\t\t\t\t\t\t\t\t\t<ul><li>Clonar y crear instant\u00e1neas de bases de datos en contenedores<\/li><li>Cree microbases de datos aisladas y seguras<\/li><li>Viaje en el tiempo a trav\u00e9s de las versiones de sus datos de prueba<\/li><\/ul>\t\t\t\t\t\t\t\t<\/div>\n\t\t\t\t<\/div>\n\t\t\t\t<div class=\"elementor-element elementor-element-355f510 elementor-align-left elementor-widget elementor-widget-button\" data-id=\"355f510\" data-element_type=\"widget\" data-widget_type=\"button.default\">\n\t\t\t\t<div class=\"elementor-widget-container\">\n\t\t\t\t\t\t\t\t\t<div class=\"elementor-button-wrapper\">\n\t\t\t\t\t<a class=\"elementor-button elementor-button-link elementor-size-sm\" href=\"https:\/\/grupopf.com.mx\/index.php\/contact\/\">\n\t\t\t\t\t\t<span class=\"elementor-button-content-wrapper\">\n\t\t\t\t\t\t\t\t\t<span class=\"elementor-button-text\">Conoce mas...<\/span>\n\t\t\t\t\t<\/span>\n\t\t\t\t\t<\/a>\n\t\t\t\t<\/div>\n\t\t\t\t\t\t\t\t<\/div>\n\t\t\t\t<\/div>\n\t\t\t\t<\/div>\n\t\t\t\t\t<\/div>\n\t\t\t\t<\/div>\n\t\t<div class=\"elementor-element elementor-element-4f59e13 e-flex e-con-boxed wpr-particle-no wpr-jarallax-no wpr-parallax-no wpr-sticky-section-no e-con e-parent\" data-id=\"4f59e13\" data-element_type=\"container\">\n\t\t\t\t\t<div class=\"e-con-inner\">\n\t\t\t\t<div class=\"elementor-element elementor-element-0752b33 elementor-widget elementor-widget-heading\" data-id=\"0752b33\" data-element_type=\"widget\" data-widget_type=\"heading.default\">\n\t\t\t\t<div class=\"elementor-widget-container\">\n\t\t\t\t\t<h3 class=\"elementor-heading-title elementor-size-default\">El poder de las bases de datos virtualizadas<\/h3>\t\t\t\t<\/div>\n\t\t\t\t<\/div>\n\t\t\t\t\t<\/div>\n\t\t\t\t<\/div>\n\t\t<div class=\"elementor-element elementor-element-58ad1de e-flex e-con-boxed wpr-particle-no wpr-jarallax-no wpr-parallax-no wpr-sticky-section-no e-con e-parent\" data-id=\"58ad1de\" data-element_type=\"container\">\n\t\t\t\t\t<div class=\"e-con-inner\">\n\t\t\t\t<div class=\"elementor-element elementor-element-fede8a8 elementor-position-top elementor-widget elementor-widget-image-box\" data-id=\"fede8a8\" data-element_type=\"widget\" data-widget_type=\"image-box.default\">\n\t\t\t\t<div class=\"elementor-widget-container\">\n\t\t\t\t\t<div class=\"elementor-image-box-wrapper\"><figure class=\"elementor-image-box-img\"><img fetchpriority=\"high\" decoding=\"async\" width=\"600\" height=\"687\" src=\"https:\/\/grupopf.com.mx\/wp-content\/uploads\/2023\/11\/freeUpdate-600x687.jpg\" class=\"attachment-card-grid size-card-grid wp-image-1274\" alt=\"\" \/><\/figure><div class=\"elementor-image-box-content\"><h4 class=\"elementor-image-box-title\">Rapido<\/h4><p class=\"elementor-image-box-description\">Cree, modifique y destruya r\u00e1pidamente entornos de prueba con bases de datos virtualizadas, sin afectar las bases de datos de producci\u00f3n.<\/p><\/div><\/div>\t\t\t\t<\/div>\n\t\t\t\t<\/div>\n\t\t\t\t<div class=\"elementor-element elementor-element-e2d0451 elementor-position-top elementor-widget elementor-widget-image-box\" data-id=\"e2d0451\" data-element_type=\"widget\" data-widget_type=\"image-box.default\">\n\t\t\t\t<div class=\"elementor-widget-container\">\n\t\t\t\t\t<div class=\"elementor-image-box-wrapper\"><figure class=\"elementor-image-box-img\"><img decoding=\"async\" width=\"668\" height=\"588\" src=\"https:\/\/grupopf.com.mx\/wp-content\/uploads\/2023\/11\/api.jpg\" class=\"attachment-full size-full wp-image-1275\" alt=\"\" \/><\/figure><div class=\"elementor-image-box-content\"><h4 class=\"elementor-image-box-title\">Control<\/h4><p class=\"elementor-image-box-description\">\nCapture instant\u00e1neas precisas, mantenga el control total sobre sus entornos de prueba y permita una reversi\u00f3n perfecta a versiones anteriores cuando sea necesario.<\/p><\/div><\/div>\t\t\t\t<\/div>\n\t\t\t\t<\/div>\n\t\t\t\t<div class=\"elementor-element elementor-element-538bef8 elementor-position-top elementor-widget elementor-widget-image-box\" data-id=\"538bef8\" data-element_type=\"widget\" data-widget_type=\"image-box.default\">\n\t\t\t\t<div class=\"elementor-widget-container\">\n\t\t\t\t\t<div class=\"elementor-image-box-wrapper\"><figure class=\"elementor-image-box-img\"><img decoding=\"async\" width=\"716\" height=\"651\" src=\"https:\/\/grupopf.com.mx\/wp-content\/uploads\/2023\/11\/subsets.jpg\" class=\"attachment-full size-full wp-image-1276\" alt=\"\" \/><\/figure><div class=\"elementor-image-box-content\"><h4 class=\"elementor-image-box-title\">Econ\u00f3mico<\/h4><p class=\"elementor-image-box-description\">\nElimine la necesidad de hardware redundante, reduciendo los costos de infraestructura y mejorando la utilizaci\u00f3n de recursos.<\/p><\/div><\/div>\t\t\t\t<\/div>\n\t\t\t\t<\/div>\n\t\t\t\t\t<\/div>\n\t\t\t\t<\/div>\n\t\t<div class=\"elementor-element elementor-element-cff6192 e-flex e-con-boxed wpr-particle-no wpr-jarallax-no wpr-parallax-no wpr-sticky-section-no e-con e-parent\" data-id=\"cff6192\" data-element_type=\"container\" data-settings=\"{&quot;background_background&quot;:&quot;classic&quot;}\">\n\t\t\t\t\t<div class=\"e-con-inner\">\n\t\t<div class=\"elementor-element elementor-element-60e92cc e-con-full e-flex wpr-particle-no wpr-jarallax-no wpr-parallax-no wpr-sticky-section-no e-con e-child\" data-id=\"60e92cc\" data-element_type=\"container\">\n\t\t\t\t<div class=\"elementor-element elementor-element-6a8c498 elementor-widget elementor-widget-image-box\" data-id=\"6a8c498\" data-element_type=\"widget\" data-widget_type=\"image-box.default\">\n\t\t\t\t<div class=\"elementor-widget-container\">\n\t\t\t\t\t<div class=\"elementor-image-box-wrapper\"><div class=\"elementor-image-box-content\"><h4 class=\"elementor-image-box-title\">Acelerar el desarrollo<\/h4><p class=\"elementor-image-box-description\">\nCon bases de datos virtualizadas, los equipos de desarrollo pueden crear, modificar y destruir r\u00e1pidamente entornos de prueba sin afectar las bases de datos de producci\u00f3n. Esto permite a los equipos trabajar de manera m\u00e1s eficiente e iterar m\u00e1s r\u00e1pido, lo que resulta en una mayor productividad y un tiempo de comercializaci\u00f3n m\u00e1s r\u00e1pido para las aplicaciones de software.<\/p><\/div><\/div>\t\t\t\t<\/div>\n\t\t\t\t<\/div>\n\t\t\t\t<\/div>\n\t\t<div class=\"elementor-element elementor-element-c847002 e-con-full e-flex wpr-particle-no wpr-jarallax-no wpr-parallax-no wpr-sticky-section-no e-con e-child\" data-id=\"c847002\" data-element_type=\"container\">\n\t\t\t\t<div class=\"elementor-element elementor-element-6ad4c68 elementor-widget elementor-widget-image\" data-id=\"6ad4c68\" data-element_type=\"widget\" data-widget_type=\"image.default\">\n\t\t\t\t<div class=\"elementor-widget-container\">\n\t\t\t\t\t\t\t\t\t\t\t\t\t\t\t<img loading=\"lazy\" decoding=\"async\" width=\"550\" height=\"400\" src=\"https:\/\/grupopf.com.mx\/wp-content\/uploads\/2023\/11\/DATPROF-Virtualize-3.png\" class=\"attachment-large size-large wp-image-1277\" alt=\"\" \/>\t\t\t\t\t\t\t\t\t\t\t\t\t\t\t<\/div>\n\t\t\t\t<\/div>\n\t\t\t\t<\/div>\n\t\t\t\t\t<\/div>\n\t\t\t\t<\/div>\n\t\t<div class=\"elementor-element elementor-element-b35e775 e-flex e-con-boxed wpr-particle-no wpr-jarallax-no wpr-parallax-no wpr-sticky-section-no e-con e-parent\" data-id=\"b35e775\" data-element_type=\"container\" data-settings=\"{&quot;background_background&quot;:&quot;classic&quot;}\">\n\t\t\t\t\t<div class=\"e-con-inner\">\n\t\t<div class=\"elementor-element elementor-element-68bc309 e-con-full e-flex wpr-particle-no wpr-jarallax-no wpr-parallax-no wpr-sticky-section-no e-con e-child\" data-id=\"68bc309\" data-element_type=\"container\">\n\t\t\t\t<div class=\"elementor-element elementor-element-4533244 elementor-widget elementor-widget-image\" data-id=\"4533244\" data-element_type=\"widget\" data-widget_type=\"image.default\">\n\t\t\t\t<div class=\"elementor-widget-container\">\n\t\t\t\t\t\t\t\t\t\t\t\t\t\t\t<img loading=\"lazy\" decoding=\"async\" width=\"550\" height=\"400\" src=\"https:\/\/grupopf.com.mx\/wp-content\/uploads\/2023\/11\/DATPROF-Virtualize-4.png\" class=\"attachment-large size-large wp-image-1278\" alt=\"\" \/>\t\t\t\t\t\t\t\t\t\t\t\t\t\t\t<\/div>\n\t\t\t\t<\/div>\n\t\t\t\t<\/div>\n\t\t<div class=\"elementor-element elementor-element-6a8c836 e-con-full e-flex wpr-particle-no wpr-jarallax-no wpr-parallax-no wpr-sticky-section-no e-con e-child\" data-id=\"6a8c836\" data-element_type=\"container\">\n\t\t\t\t<div class=\"elementor-element elementor-element-295b245 elementor-widget elementor-widget-image-box\" data-id=\"295b245\" data-element_type=\"widget\" data-widget_type=\"image-box.default\">\n\t\t\t\t<div class=\"elementor-widget-container\">\n\t\t\t\t\t<div class=\"elementor-image-box-wrapper\"><div class=\"elementor-image-box-content\"><h4 class=\"elementor-image-box-title\">Viaje en el tiempo de sus datos de prueba<\/h4><p class=\"elementor-image-box-description\">\nCon la creaci\u00f3n de instant\u00e1neas, puede crear f\u00e1cilmente m\u00faltiples versiones de sus datos de prueba sin consumir almacenamiento adicional. Tome una instant\u00e1nea de los datos en un momento determinado, gu\u00e1rdela como una versi\u00f3n separada y retroceda f\u00e1cilmente a una versi\u00f3n anterior si es necesario<\/p><\/div><\/div>\t\t\t\t<\/div>\n\t\t\t\t<\/div>\n\t\t\t\t<\/div>\n\t\t\t\t\t<\/div>\n\t\t\t\t<\/div>\n\t\t<div class=\"elementor-element elementor-element-c7a5b77 e-flex e-con-boxed wpr-particle-no wpr-jarallax-no wpr-parallax-no wpr-sticky-section-no e-con e-parent\" data-id=\"c7a5b77\" data-element_type=\"container\" data-settings=\"{&quot;background_background&quot;:&quot;classic&quot;}\">\n\t\t\t\t\t<div class=\"e-con-inner\">\n\t\t<div class=\"elementor-element elementor-element-50b8981 e-con-full e-flex wpr-particle-no wpr-jarallax-no wpr-parallax-no wpr-sticky-section-no e-con e-child\" data-id=\"50b8981\" data-element_type=\"container\">\n\t\t\t\t<div class=\"elementor-element elementor-element-eb2a14f elementor-widget elementor-widget-image-box\" data-id=\"eb2a14f\" data-element_type=\"widget\" data-widget_type=\"image-box.default\">\n\t\t\t\t<div class=\"elementor-widget-container\">\n\t\t\t\t\t<div class=\"elementor-image-box-wrapper\"><div class=\"elementor-image-box-content\"><h4 class=\"elementor-image-box-title\">Entornos de prueba seguros<\/h4><p class=\"elementor-image-box-description\">\nLa virtualizaci\u00f3n de bases de datos puede ayudar a mejorar la seguridad y el cumplimiento al permitir que los equipos creen entornos de prueba aislados y seguros que no afecten las bases de datos de producci\u00f3n. Esto reduce el riesgo de violaciones de datos y otros problemas de seguridad, al tiempo que permite a los equipos cumplir con los requisitos reglamentarios para la protecci\u00f3n y privacidad de datos.<\/p><\/div><\/div>\t\t\t\t<\/div>\n\t\t\t\t<\/div>\n\t\t\t\t<\/div>\n\t\t<div class=\"elementor-element elementor-element-f286469 e-con-full e-flex wpr-particle-no wpr-jarallax-no wpr-parallax-no wpr-sticky-section-no e-con e-child\" data-id=\"f286469\" data-element_type=\"container\">\n\t\t\t\t<div class=\"elementor-element elementor-element-ed4251e elementor-widget elementor-widget-image\" data-id=\"ed4251e\" data-element_type=\"widget\" data-widget_type=\"image.default\">\n\t\t\t\t<div class=\"elementor-widget-container\">\n\t\t\t\t\t\t\t\t\t\t\t\t\t\t\t<img loading=\"lazy\" decoding=\"async\" width=\"550\" height=\"400\" src=\"https:\/\/grupopf.com.mx\/wp-content\/uploads\/2023\/11\/DATPROF-Virtualize-6.png\" class=\"attachment-large size-large wp-image-1279\" alt=\"\" \/>\t\t\t\t\t\t\t\t\t\t\t\t\t\t\t<\/div>\n\t\t\t\t<\/div>\n\t\t\t\t<\/div>\n\t\t\t\t\t<\/div>\n\t\t\t\t<\/div>\n\t\t<div class=\"elementor-element elementor-element-a14b9f5 e-flex e-con-boxed wpr-particle-no wpr-jarallax-no wpr-parallax-no wpr-sticky-section-no e-con e-parent\" data-id=\"a14b9f5\" data-element_type=\"container\" data-settings=\"{&quot;background_background&quot;:&quot;classic&quot;}\">\n\t\t\t\t\t<div class=\"e-con-inner\">\n\t\t<div class=\"elementor-element elementor-element-256189d e-con-full e-flex wpr-particle-no wpr-jarallax-no wpr-parallax-no wpr-sticky-section-no e-con e-child\" data-id=\"256189d\" data-element_type=\"container\">\n\t\t\t\t<div class=\"elementor-element elementor-element-003a8b0 elementor-widget elementor-widget-image\" data-id=\"003a8b0\" data-element_type=\"widget\" data-widget_type=\"image.default\">\n\t\t\t\t<div class=\"elementor-widget-container\">\n\t\t\t\t\t\t\t\t\t\t\t\t\t\t\t<img loading=\"lazy\" decoding=\"async\" width=\"550\" height=\"400\" src=\"https:\/\/grupopf.com.mx\/wp-content\/uploads\/2023\/11\/DATPROF-Virtualize-2.png\" class=\"attachment-large size-large wp-image-1280\" alt=\"\" \/>\t\t\t\t\t\t\t\t\t\t\t\t\t\t\t<\/div>\n\t\t\t\t<\/div>\n\t\t\t\t<\/div>\n\t\t<div class=\"elementor-element elementor-element-6c00049 e-con-full e-flex wpr-particle-no wpr-jarallax-no wpr-parallax-no wpr-sticky-section-no e-con e-child\" data-id=\"6c00049\" data-element_type=\"container\">\n\t\t\t\t<div class=\"elementor-element elementor-element-cc31954 elementor-widget elementor-widget-image-box\" data-id=\"cc31954\" data-element_type=\"widget\" data-widget_type=\"image-box.default\">\n\t\t\t\t<div class=\"elementor-widget-container\">\n\t\t\t\t\t<div class=\"elementor-image-box-wrapper\"><div class=\"elementor-image-box-content\"><h4 class=\"elementor-image-box-title\">Optimizado y rentable<\/h4><p class=\"elementor-image-box-description\">\nLa virtualizaci\u00f3n de bases de datos ayuda a reducir los costos de hardware asociados con el mantenimiento de entornos separados para el desarrollo, las pruebas y la producci\u00f3n. En lugar de crear y administrar m\u00faltiples bases de datos f\u00edsicas, los equipos pueden usar bases de datos virtualizadas sin reclamar almacenamiento adicional.<\/p><\/div><\/div>\t\t\t\t<\/div>\n\t\t\t\t<\/div>\n\t\t\t\t<\/div>\n\t\t\t\t\t<\/div>\n\t\t\t\t<\/div>\n\t\t<div class=\"elementor-element elementor-element-c5ec776 e-flex e-con-boxed wpr-particle-no wpr-jarallax-no wpr-parallax-no wpr-sticky-section-no e-con e-parent\" data-id=\"c5ec776\" data-element_type=\"container\">\n\t\t\t\t\t<div class=\"e-con-inner\">\n\t\t\t\t<div class=\"elementor-element elementor-element-9af3a75 elementor-widget elementor-widget-heading\" data-id=\"9af3a75\" data-element_type=\"widget\" data-widget_type=\"heading.default\">\n\t\t\t\t<div class=\"elementor-widget-container\">\n\t\t\t\t\t<h3 class=\"elementor-heading-title elementor-size-default\">Compatible con las principales tecnolog\u00edas de bases de datos<\/h3>\t\t\t\t<\/div>\n\t\t\t\t<\/div>\n\t\t\t\t\t<\/div>\n\t\t\t\t<\/div>\n\t\t<div class=\"elementor-element elementor-element-4c59ec3 e-flex e-con-boxed wpr-particle-no wpr-jarallax-no wpr-parallax-no wpr-sticky-section-no e-con e-parent\" data-id=\"4c59ec3\" data-element_type=\"container\">\n\t\t\t\t\t<div class=\"e-con-inner\">\n\t\t\t\t<div class=\"elementor-element elementor-element-26de0cf elementor-widget elementor-widget-image\" data-id=\"26de0cf\" data-element_type=\"widget\" data-widget_type=\"image.default\">\n\t\t\t\t<div class=\"elementor-widget-container\">\n\t\t\t\t\t\t\t\t\t\t\t\t\t\t\t<img loading=\"lazy\" decoding=\"async\" width=\"980\" height=\"78\" src=\"https:\/\/grupopf.com.mx\/wp-content\/uploads\/2023\/11\/supported-db-technologies-1-980x78-1.png\" class=\"attachment-large size-large wp-image-1189\" alt=\"\" \/>\t\t\t\t\t\t\t\t\t\t\t\t\t\t\t<\/div>\n\t\t\t\t<\/div>\n\t\t\t\t\t<\/div>\n\t\t\t\t<\/div>\n\t\t\t\t<\/div>\n\t\t","protected":false},"excerpt":{"rendered":"<p>Virtualize Esta soluci\u00f3n innovadora ofrece una variedad de beneficios para los equipos de desarrollo de software modernos al permitirles crear\u00a0bases de datos en contenedores\u00a0.\u00a0Clone sus bases de datos r\u00e1pida y f\u00e1cilmente\u00a0sin consumir almacenamiento adicional.\u00a0Retroceda a un estado anterior si es necesario. Caracter\u00edsticas Clonar y crear instant\u00e1neas de bases de datos en contenedores Cree microbases de &hellip;<\/p>\n<p class=\"read-more\"> <a class=\"\" href=\"https:\/\/grupopf.com.mx\/index.php\/virtualize\/\"> <span class=\"screen-reader-text\">Virtualize<\/span> Read More &raquo;<\/a><\/p>\n","protected":false},"author":2,"featured_media":0,"parent":0,"menu_order":0,"comment_status":"closed","ping_status":"closed","template":"","meta":{"_eb_attr":"","_uag_custom_page_level_css":"","site-sidebar-layout":"no-sidebar","site-content-layout":"page-builder","ast-global-header-display":"","ast-main-header-display":"","ast-hfb-above-header-display":"","ast-hfb-below-header-display":"","ast-hfb-mobile-header-display":"","site-post-title":"disabled","ast-breadcrumbs-content":"","ast-featured-img":"disabled","footer-sml-layout":"","theme-transparent-header-meta":"","adv-header-id-meta":"","stick-header-meta":"","header-above-stick-meta":"","header-main-stick-meta":"","header-below-stick-meta":"","footnotes":""},"class_list":["post-1272","page","type-page","status-publish","hentry"],"uagb_featured_image_src":{"full":false,"thumbnail":false,"medium":false,"medium_large":false,"large":false,"1536x1536":false,"2048x2048":false,"slider-bg":false,"card-grid":false,"card-list":false},"uagb_author_info":{"display_name":"Erasmo Juarez","author_link":"https:\/\/grupopf.com.mx\/index.php\/author\/ejuarez\/"},"uagb_comment_info":0,"uagb_excerpt":"Virtualize Esta soluci\u00f3n innovadora ofrece una variedad de beneficios para los equipos de desarrollo de software modernos al permitirles crear\u00a0bases de datos en contenedores\u00a0.\u00a0Clone sus bases de datos r\u00e1pida y f\u00e1cilmente\u00a0sin consumir almacenamiento adicional.\u00a0Retroceda a un estado anterior si es necesario. Caracter\u00edsticas Clonar y crear instant\u00e1neas de bases de datos en contenedores Cree microbases de&hellip;","rttpg_featured_image_url":null,"rttpg_author":{"display_name":"Erasmo Juarez","author_link":"https:\/\/grupopf.com.mx\/index.php\/author\/ejuarez\/"},"rttpg_comment":0,"rttpg_category":null,"rttpg_excerpt":"Virtualize Esta soluci\u00f3n innovadora ofrece una variedad de beneficios para los equipos de desarrollo de software modernos al permitirles crear\u00a0bases de datos en contenedores\u00a0.\u00a0Clone sus bases de datos r\u00e1pida y f\u00e1cilmente\u00a0sin consumir almacenamiento adicional.\u00a0Retroceda a un estado anterior si es necesario. Caracter\u00edsticas Clonar y crear instant\u00e1neas de bases de datos en contenedores Cree microbases de&hellip;","_links":{"self":[{"href":"https:\/\/grupopf.com.mx\/index.php\/wp-json\/wp\/v2\/pages\/1272","targetHints":{"allow":["GET"]}}],"collection":[{"href":"https:\/\/grupopf.com.mx\/index.php\/wp-json\/wp\/v2\/pages"}],"about":[{"href":"https:\/\/grupopf.com.mx\/index.php\/wp-json\/wp\/v2\/types\/page"}],"author":[{"embeddable":true,"href":"https:\/\/grupopf.com.mx\/index.php\/wp-json\/wp\/v2\/users\/2"}],"replies":[{"embeddable":true,"href":"https:\/\/grupopf.com.mx\/index.php\/wp-json\/wp\/v2\/comments?post=1272"}],"version-history":[{"count":4,"href":"https:\/\/grupopf.com.mx\/index.php\/wp-json\/wp\/v2\/pages\/1272\/revisions"}],"predecessor-version":[{"id":1283,"href":"https:\/\/grupopf.com.mx\/index.php\/wp-json\/wp\/v2\/pages\/1272\/revisions\/1283"}],"wp:attachment":[{"href":"https:\/\/grupopf.com.mx\/index.php\/wp-json\/wp\/v2\/media?parent=1272"}],"curies":[{"name":"wp","href":"https:\/\/api.w.org\/{rel}","templated":true}]}}