{"id":1151,"date":"2023-11-10T17:51:32","date_gmt":"2023-11-10T17:51:32","guid":{"rendered":"https:\/\/grupopf.com.mx\/?page_id=1151"},"modified":"2023-11-16T15:11:25","modified_gmt":"2023-11-16T15:11:25","slug":"privacy","status":"publish","type":"page","link":"https:\/\/grupopf.com.mx\/index.php\/privacy\/","title":{"rendered":"Privacy"},"content":{"rendered":"\t\t<div data-elementor-type=\"wp-page\" data-elementor-id=\"1151\" class=\"elementor elementor-1151\">\n\t\t\t\t<div class=\"elementor-element elementor-element-c2b1c1c e-flex e-con-boxed wpr-particle-no wpr-jarallax-no wpr-parallax-no wpr-sticky-section-no e-con e-parent\" data-id=\"c2b1c1c\" data-element_type=\"container\">\n\t\t\t\t\t<div class=\"e-con-inner\">\n\t\t\t\t\t<\/div>\n\t\t\t\t<\/div>\n\t\t<div class=\"elementor-element elementor-element-ffe41aa e-flex e-con-boxed wpr-particle-no wpr-jarallax-no wpr-parallax-no wpr-sticky-section-no e-con e-parent\" data-id=\"ffe41aa\" data-element_type=\"container\">\n\t\t\t\t\t<div class=\"e-con-inner\">\n\t\t\t\t\t<\/div>\n\t\t\t\t<\/div>\n\t\t<div class=\"elementor-element elementor-element-5268159 e-flex e-con-boxed wpr-particle-no wpr-jarallax-no wpr-parallax-no wpr-sticky-section-no e-con e-parent\" data-id=\"5268159\" data-element_type=\"container\" data-settings=\"{&quot;background_background&quot;:&quot;gradient&quot;}\">\n\t\t\t\t\t<div class=\"e-con-inner\">\n\t\t<div class=\"elementor-element elementor-element-2dfec93 e-con-full e-flex wpr-particle-no wpr-jarallax-no wpr-parallax-no wpr-sticky-section-no e-con e-child\" data-id=\"2dfec93\" data-element_type=\"container\">\n\t\t\t\t<div class=\"elementor-element elementor-element-175c02d elementor-widget elementor-widget-page-title\" data-id=\"175c02d\" data-element_type=\"widget\" data-widget_type=\"page-title.default\">\n\t\t\t\t<div class=\"elementor-widget-container\">\n\t\t\t\t\t\t\t\n\t\t<div class=\"hfe-page-title hfe-page-title-wrapper elementor-widget-heading\">\n\n\t\t\t\t\t\t\t\t\t\t\t<a href=\"https:\/\/grupopf.com.mx\">\n\t\t\t\t\t\t<h2 class=\"elementor-heading-title elementor-size-default\">\n\t\t\t\t\t\t\t\t\n\t\t\t\tPrivacy  \n\t\t\t<\/h2 > \n\t\t\t\t\t\t\t\t\t<\/a>\n\t\t\t\t\t<\/div>\n\t\t\t\t\t\t<\/div>\n\t\t\t\t<\/div>\n\t\t\t\t<div class=\"elementor-element elementor-element-6d1ef65 elementor-widget elementor-widget-text-editor\" data-id=\"6d1ef65\" data-element_type=\"widget\" data-widget_type=\"text-editor.default\">\n\t\t\t\t<div class=\"elementor-widget-container\">\n\t\t\t\t\t\t\t\t\t<p><span style=\"margin: 0px; padding: 0px; border: 0px; outline: 0px; text-size-adjust: 100%; vertical-align: inherit; background-image: initial; background-position: initial; background-size: initial; background-repeat: initial; background-attachment: initial; background-origin: initial; background-clip: initial; font-family: 'Open Sans', sans-serif; letter-spacing: 1px;\">El desarrollo de software moderno requiere datos de prueba realistas y representativos.\u00a0<\/span><span style=\"margin: 0px; padding: 0px; border: 0px; outline: 0px; text-size-adjust: 100%; vertical-align: inherit; background-image: initial; background-position: initial; background-size: initial; background-repeat: initial; background-attachment: initial; background-origin: initial; background-clip: initial; font-family: 'Open Sans', sans-serif; letter-spacing: 1px;\">DATPROF Privacy enmascara los datos de su prueba y genera datos sint\u00e9ticos.\u00a0<\/span><span style=\"margin: 0px; padding: 0px; border: 0px; outline: 0px; text-size-adjust: 100%; vertical-align: inherit; background-image: initial; background-position: initial; background-size: initial; background-repeat: initial; background-attachment: initial; background-origin: initial; background-clip: initial; font-family: 'Open Sans', sans-serif; letter-spacing: 1px;\">Los datos de sus clientes est\u00e1n protegidos, pero los equipos de software a\u00fan pueden utilizar datos de prueba representativos.<\/span><\/p>\t\t\t\t\t\t\t\t<\/div>\n\t\t\t\t<\/div>\n\t\t\t\t<\/div>\n\t\t<div class=\"elementor-element elementor-element-ed40013 e-con-full e-flex wpr-particle-no wpr-jarallax-no wpr-parallax-no wpr-sticky-section-no e-con e-child\" data-id=\"ed40013\" data-element_type=\"container\" data-settings=\"{&quot;background_background&quot;:&quot;classic&quot;}\">\n\t\t\t\t<div class=\"elementor-element elementor-element-1cba637 elementor-widget elementor-widget-text-editor\" data-id=\"1cba637\" data-element_type=\"widget\" data-widget_type=\"text-editor.default\">\n\t\t\t\t<div class=\"elementor-widget-container\">\n\t\t\t\t\t\t\t\t\t<strong>Caracter\u00edsticas<\/strong>\t\t\t\t\t\t\t\t<\/div>\n\t\t\t\t<\/div>\n\t\t\t\t<div class=\"elementor-element elementor-element-046c68e elementor-widget elementor-widget-text-editor\" data-id=\"046c68e\" data-element_type=\"widget\" data-widget_type=\"text-editor.default\">\n\t\t\t\t<div class=\"elementor-widget-container\">\n\t\t\t\t\t\t\t\t\t<ul><li>Preserve las caracter\u00edsticas de sus datos.<\/li><li>Datos consistentes en m\u00faltiples aplicaciones y bases de datos<\/li><li>Alto rendimiento en grandes conjunto de datos.<\/li><\/ul>\t\t\t\t\t\t\t\t<\/div>\n\t\t\t\t<\/div>\n\t\t\t\t<div class=\"elementor-element elementor-element-355f510 elementor-align-left elementor-widget elementor-widget-button\" data-id=\"355f510\" data-element_type=\"widget\" data-widget_type=\"button.default\">\n\t\t\t\t<div class=\"elementor-widget-container\">\n\t\t\t\t\t\t\t\t\t<div class=\"elementor-button-wrapper\">\n\t\t\t\t\t<a class=\"elementor-button elementor-button-link elementor-size-sm\" href=\"https:\/\/grupopf.com.mx\/index.php\/contact\/\">\n\t\t\t\t\t\t<span class=\"elementor-button-content-wrapper\">\n\t\t\t\t\t\t\t\t\t<span class=\"elementor-button-text\">Conoce mas...<\/span>\n\t\t\t\t\t<\/span>\n\t\t\t\t\t<\/a>\n\t\t\t\t<\/div>\n\t\t\t\t\t\t\t\t<\/div>\n\t\t\t\t<\/div>\n\t\t\t\t<\/div>\n\t\t\t\t\t<\/div>\n\t\t\t\t<\/div>\n\t\t<div class=\"elementor-element elementor-element-4f59e13 e-flex e-con-boxed wpr-particle-no wpr-jarallax-no wpr-parallax-no wpr-sticky-section-no e-con e-parent\" data-id=\"4f59e13\" data-element_type=\"container\">\n\t\t\t\t\t<div class=\"e-con-inner\">\n\t\t\t\t<div class=\"elementor-element elementor-element-0752b33 elementor-widget elementor-widget-heading\" data-id=\"0752b33\" data-element_type=\"widget\" data-widget_type=\"heading.default\">\n\t\t\t\t<div class=\"elementor-widget-container\">\n\t\t\t\t\t<h3 class=\"elementor-heading-title elementor-size-default\">El poder del enmascarado de datos<\/h3>\t\t\t\t<\/div>\n\t\t\t\t<\/div>\n\t\t\t\t\t<\/div>\n\t\t\t\t<\/div>\n\t\t<div class=\"elementor-element elementor-element-58ad1de e-flex e-con-boxed wpr-particle-no wpr-jarallax-no wpr-parallax-no wpr-sticky-section-no e-con e-parent\" data-id=\"58ad1de\" data-element_type=\"container\">\n\t\t\t\t\t<div class=\"e-con-inner\">\n\t\t\t\t<div class=\"elementor-element elementor-element-fede8a8 elementor-position-top elementor-widget elementor-widget-image-box\" data-id=\"fede8a8\" data-element_type=\"widget\" data-widget_type=\"image-box.default\">\n\t\t\t\t<div class=\"elementor-widget-container\">\n\t\t\t\t\t<div class=\"elementor-image-box-wrapper\"><figure class=\"elementor-image-box-img\"><img fetchpriority=\"high\" decoding=\"async\" width=\"708\" height=\"600\" src=\"https:\/\/grupopf.com.mx\/wp-content\/uploads\/2023\/11\/security.jpg\" class=\"attachment-full size-full wp-image-1220\" alt=\"\" \/><\/figure><div class=\"elementor-image-box-content\"><h4 class=\"elementor-image-box-title\">Proteja los datos sensibles<\/h4><p class=\"elementor-image-box-description\">Proteja los datos de prueba sensibles enmascar\u00e1ndolos o gener\u00e1ndolos y utiliz\u00e1ndolos para desarrollo y pruebas.<\/p><\/div><\/div>\t\t\t\t<\/div>\n\t\t\t\t<\/div>\n\t\t\t\t<div class=\"elementor-element elementor-element-e2d0451 elementor-position-top elementor-widget elementor-widget-image-box\" data-id=\"e2d0451\" data-element_type=\"widget\" data-widget_type=\"image-box.default\">\n\t\t\t\t<div class=\"elementor-widget-container\">\n\t\t\t\t\t<div class=\"elementor-image-box-wrapper\"><figure class=\"elementor-image-box-img\"><img decoding=\"async\" src=\"https:\/\/grupopf.com.mx\/wp-content\/uploads\/2023\/11\/compliant.jpg\" title=\"compliant\" alt=\"compliant\" loading=\"lazy\" \/><\/figure><div class=\"elementor-image-box-content\"><h4 class=\"elementor-image-box-title\">Cumplir con las leyes de privacidad<\/h4><p class=\"elementor-image-box-description\">\nOculte los datos sensibles y cumpla con regulaciones como GDPR, PCI e HIPAA.<\/p><\/div><\/div>\t\t\t\t<\/div>\n\t\t\t\t<\/div>\n\t\t\t\t<div class=\"elementor-element elementor-element-538bef8 elementor-position-top elementor-widget elementor-widget-image-box\" data-id=\"538bef8\" data-element_type=\"widget\" data-widget_type=\"image-box.default\">\n\t\t\t\t<div class=\"elementor-widget-container\">\n\t\t\t\t\t<div class=\"elementor-image-box-wrapper\"><figure class=\"elementor-image-box-img\"><img decoding=\"async\" width=\"711\" height=\"582\" src=\"https:\/\/grupopf.com.mx\/wp-content\/uploads\/2023\/11\/representative.jpg\" class=\"attachment-full size-full wp-image-1222\" alt=\"\" \/><\/figure><div class=\"elementor-image-box-content\"><h4 class=\"elementor-image-box-title\">Generar datos de prueba sint\u00e9ticos<\/h4><p class=\"elementor-image-box-description\">\n\u00a1Genere datos de prueba sint\u00e9ticos para poder crear casos de prueba perfectamente alineados con sus pruebas!<\/p><\/div><\/div>\t\t\t\t<\/div>\n\t\t\t\t<\/div>\n\t\t\t\t\t<\/div>\n\t\t\t\t<\/div>\n\t\t<div class=\"elementor-element elementor-element-5d7be80 e-flex e-con-boxed wpr-particle-no wpr-jarallax-no wpr-parallax-no wpr-sticky-section-no e-con e-parent\" data-id=\"5d7be80\" data-element_type=\"container\" data-settings=\"{&quot;background_background&quot;:&quot;classic&quot;}\">\n\t\t\t\t\t<div class=\"e-con-inner\">\n\t\t<div class=\"elementor-element elementor-element-9487025 e-con-full e-flex wpr-particle-no wpr-jarallax-no wpr-parallax-no wpr-sticky-section-no e-con e-child\" data-id=\"9487025\" data-element_type=\"container\">\n\t\t\t\t<div class=\"elementor-element elementor-element-1f6ec9c elementor-widget elementor-widget-image\" data-id=\"1f6ec9c\" data-element_type=\"widget\" data-widget_type=\"image.default\">\n\t\t\t\t<div class=\"elementor-widget-container\">\n\t\t\t\t\t\t\t\t\t\t\t\t\t\t\t<img decoding=\"async\" width=\"550\" height=\"400\" src=\"https:\/\/grupopf.com.mx\/wp-content\/uploads\/2023\/11\/DATPROF-UI-multi-database-masking-2.png\" class=\"attachment-large size-large wp-image-1223\" alt=\"\" \/>\t\t\t\t\t\t\t\t\t\t\t\t\t\t\t<\/div>\n\t\t\t\t<\/div>\n\t\t\t\t<\/div>\n\t\t<div class=\"elementor-element elementor-element-a6d10ad e-con-full e-flex wpr-particle-no wpr-jarallax-no wpr-parallax-no wpr-sticky-section-no e-con e-child\" data-id=\"a6d10ad\" data-element_type=\"container\">\n\t\t\t\t<div class=\"elementor-element elementor-element-1b6ae85 elementor-widget elementor-widget-image-box\" data-id=\"1b6ae85\" data-element_type=\"widget\" data-widget_type=\"image-box.default\">\n\t\t\t\t<div class=\"elementor-widget-container\">\n\t\t\t\t\t<div class=\"elementor-image-box-wrapper\"><div class=\"elementor-image-box-content\"><h4 class=\"elementor-image-box-title\">Enmascaramiento de m\u00faltiples bases de datos<\/h4><p class=\"elementor-image-box-description\">\nEnmascare datos de manera consistente en m\u00faltiples tablas, sistemas o aplicaciones (en la nube) con la ayuda de enmascaramiento de datos determinista o tablas de traducci\u00f3n. Permiti\u00e9ndole mantener los datos sincronizados y preservar la cardinalidad en diferentes sistemas.<\/p><\/div><\/div>\t\t\t\t<\/div>\n\t\t\t\t<\/div>\n\t\t\t\t<div class=\"elementor-element elementor-element-36ea891 elementor-widget elementor-widget-image-box\" data-id=\"36ea891\" data-element_type=\"widget\" data-widget_type=\"image-box.default\">\n\t\t\t\t<div class=\"elementor-widget-container\">\n\t\t\t\t\t<div class=\"elementor-image-box-wrapper\"><div class=\"elementor-image-box-content\"><h4 class=\"elementor-image-box-title\">Generaci\u00f3n de datos sint\u00e9ticos.<\/h4><p class=\"elementor-image-box-description\">\nUtilice los m\u00e1s de 50 generadores integrados con diferentes idiomas para generar datos nuevos o reemplazar datos existentes. Combine la generaci\u00f3n de datos sint\u00e9ticos con el enmascaramiento de bases de datos para obtener un conjunto de datos de prueba representativo y compatible.<\/p><\/div><\/div>\t\t\t\t<\/div>\n\t\t\t\t<\/div>\n\t\t\t\t<\/div>\n\t\t\t\t\t<\/div>\n\t\t\t\t<\/div>\n\t\t<div class=\"elementor-element elementor-element-cff6192 e-flex e-con-boxed wpr-particle-no wpr-jarallax-no wpr-parallax-no wpr-sticky-section-no e-con e-parent\" data-id=\"cff6192\" data-element_type=\"container\" data-settings=\"{&quot;background_background&quot;:&quot;classic&quot;}\">\n\t\t\t\t\t<div class=\"e-con-inner\">\n\t\t<div class=\"elementor-element elementor-element-60e92cc e-con-full e-flex wpr-particle-no wpr-jarallax-no wpr-parallax-no wpr-sticky-section-no e-con e-child\" data-id=\"60e92cc\" data-element_type=\"container\">\n\t\t\t\t<div class=\"elementor-element elementor-element-6a8c498 elementor-widget elementor-widget-image-box\" data-id=\"6a8c498\" data-element_type=\"widget\" data-widget_type=\"image-box.default\">\n\t\t\t\t<div class=\"elementor-widget-container\">\n\t\t\t\t\t<div class=\"elementor-image-box-wrapper\"><div class=\"elementor-image-box-content\"><h4 class=\"elementor-image-box-title\"> Enmascaramiento condicional<\/h4><p class=\"elementor-image-box-description\">Utilice reglas de enmascaramiento integradas de forma condicional para crear una plantilla de enmascaramiento integral que se ajuste a su modelo de datos. Esto le permite aplicar m\u00faltiples reglas de enmascaramiento en diferentes filas dentro de la misma tabla.<\/p><\/div><\/div>\t\t\t\t<\/div>\n\t\t\t\t<\/div>\n\t\t\t\t<div class=\"elementor-element elementor-element-7cd736e elementor-widget elementor-widget-image-box\" data-id=\"7cd736e\" data-element_type=\"widget\" data-widget_type=\"image-box.default\">\n\t\t\t\t<div class=\"elementor-widget-container\">\n\t\t\t\t\t<div class=\"elementor-image-box-wrapper\"><div class=\"elementor-image-box-content\"><h4 class=\"elementor-image-box-title\">Preservar las caracter\u00edsticas de los datos<\/h4><p class=\"elementor-image-box-description\">\nPreserve la contaminaci\u00f3n de datos y los casos extremos en su conjunto de datos para que puedan usarse para pruebas. Garantizar que los datos de prueba enmascarados sean tan cualitativos como los datos de producci\u00f3n.<\/p><\/div><\/div>\t\t\t\t<\/div>\n\t\t\t\t<\/div>\n\t\t\t\t<\/div>\n\t\t<div class=\"elementor-element elementor-element-c847002 e-con-full e-flex wpr-particle-no wpr-jarallax-no wpr-parallax-no wpr-sticky-section-no e-con e-child\" data-id=\"c847002\" data-element_type=\"container\">\n\t\t\t\t<div class=\"elementor-element elementor-element-21c2d1a elementor-widget elementor-widget-image\" data-id=\"21c2d1a\" data-element_type=\"widget\" data-widget_type=\"image.default\">\n\t\t\t\t<div class=\"elementor-widget-container\">\n\t\t\t\t\t\t\t\t\t\t\t\t\t\t\t<img loading=\"lazy\" decoding=\"async\" width=\"550\" height=\"400\" src=\"https:\/\/grupopf.com.mx\/wp-content\/uploads\/2023\/11\/DATPROF-UI-data-characteristics-2.png\" class=\"attachment-large size-large wp-image-1224\" alt=\"\" \/>\t\t\t\t\t\t\t\t\t\t\t\t\t\t\t<\/div>\n\t\t\t\t<\/div>\n\t\t\t\t<\/div>\n\t\t\t\t\t<\/div>\n\t\t\t\t<\/div>\n\t\t<div class=\"elementor-element elementor-element-b35e775 e-flex e-con-boxed wpr-particle-no wpr-jarallax-no wpr-parallax-no wpr-sticky-section-no e-con e-parent\" data-id=\"b35e775\" data-element_type=\"container\" data-settings=\"{&quot;background_background&quot;:&quot;classic&quot;}\">\n\t\t\t\t\t<div class=\"e-con-inner\">\n\t\t<div class=\"elementor-element elementor-element-68bc309 e-con-full e-flex wpr-particle-no wpr-jarallax-no wpr-parallax-no wpr-sticky-section-no e-con e-child\" data-id=\"68bc309\" data-element_type=\"container\">\n\t\t\t\t<div class=\"elementor-element elementor-element-75f0ba7 elementor-widget elementor-widget-image\" data-id=\"75f0ba7\" data-element_type=\"widget\" data-widget_type=\"image.default\">\n\t\t\t\t<div class=\"elementor-widget-container\">\n\t\t\t\t\t\t\t\t\t\t\t\t\t\t\t<img loading=\"lazy\" decoding=\"async\" width=\"550\" height=\"400\" src=\"https:\/\/grupopf.com.mx\/wp-content\/uploads\/2023\/11\/DATPROF-UI-custom-script-2.png\" class=\"attachment-large size-large wp-image-1225\" alt=\"\" \/>\t\t\t\t\t\t\t\t\t\t\t\t\t\t\t<\/div>\n\t\t\t\t<\/div>\n\t\t\t\t<\/div>\n\t\t<div class=\"elementor-element elementor-element-6a8c836 e-con-full e-flex wpr-particle-no wpr-jarallax-no wpr-parallax-no wpr-sticky-section-no e-con e-child\" data-id=\"6a8c836\" data-element_type=\"container\">\n\t\t\t\t<div class=\"elementor-element elementor-element-295b245 elementor-widget elementor-widget-image-box\" data-id=\"295b245\" data-element_type=\"widget\" data-widget_type=\"image-box.default\">\n\t\t\t\t<div class=\"elementor-widget-container\">\n\t\t\t\t\t<div class=\"elementor-image-box-wrapper\"><div class=\"elementor-image-box-content\"><h4 class=\"elementor-image-box-title\">Alto rendimiento<\/h4><p class=\"elementor-image-box-description\">\nLos datos se enmascaran y generan directamente dentro de la base de datos utilizando el sistema de derivaci\u00f3n avanzado. El procesamiento paralelo le permite enmascarar y generar bases de datos con terabytes de datos.<\/p><\/div><\/div>\t\t\t\t<\/div>\n\t\t\t\t<\/div>\n\t\t\t\t<div class=\"elementor-element elementor-element-2bf4e8d elementor-widget elementor-widget-image-box\" data-id=\"2bf4e8d\" data-element_type=\"widget\" data-widget_type=\"image-box.default\">\n\t\t\t\t<div class=\"elementor-widget-container\">\n\t\t\t\t\t<div class=\"elementor-image-box-wrapper\"><div class=\"elementor-image-box-content\"><h4 class=\"elementor-image-box-title\">Personalizable<\/h4><p class=\"elementor-image-box-description\">Utilice sus propios archivos semilla (correlacionados) para la generaci\u00f3n de datos sint\u00e9ticos. Agregue expresiones personalizadas, idiomas adicionales y secuencias de comandos previas y posteriores personalizadas a sus plantillas de enmascaramiento.<\/p><\/div><\/div>\t\t\t\t<\/div>\n\t\t\t\t<\/div>\n\t\t\t\t<\/div>\n\t\t\t\t\t<\/div>\n\t\t\t\t<\/div>\n\t\t<div class=\"elementor-element elementor-element-c5ec776 e-flex e-con-boxed wpr-particle-no wpr-jarallax-no wpr-parallax-no wpr-sticky-section-no e-con e-parent\" data-id=\"c5ec776\" data-element_type=\"container\">\n\t\t\t\t\t<div class=\"e-con-inner\">\n\t\t\t\t<div class=\"elementor-element elementor-element-9af3a75 elementor-widget elementor-widget-heading\" data-id=\"9af3a75\" data-element_type=\"widget\" data-widget_type=\"heading.default\">\n\t\t\t\t<div class=\"elementor-widget-container\">\n\t\t\t\t\t<h3 class=\"elementor-heading-title elementor-size-default\">Compatible con las principales tecnolog\u00edas de bases de datos<\/h3>\t\t\t\t<\/div>\n\t\t\t\t<\/div>\n\t\t\t\t\t<\/div>\n\t\t\t\t<\/div>\n\t\t<div class=\"elementor-element elementor-element-4c59ec3 e-flex e-con-boxed wpr-particle-no wpr-jarallax-no wpr-parallax-no wpr-sticky-section-no e-con e-parent\" data-id=\"4c59ec3\" data-element_type=\"container\">\n\t\t\t\t\t<div class=\"e-con-inner\">\n\t\t\t\t<div class=\"elementor-element elementor-element-db4c478 elementor-widget elementor-widget-image\" data-id=\"db4c478\" data-element_type=\"widget\" data-widget_type=\"image.default\">\n\t\t\t\t<div class=\"elementor-widget-container\">\n\t\t\t\t\t\t\t\t\t\t\t\t\t\t\t<img loading=\"lazy\" decoding=\"async\" width=\"980\" height=\"78\" src=\"https:\/\/grupopf.com.mx\/wp-content\/uploads\/2023\/11\/supported-db-technologies-1-980x78-1.png\" class=\"attachment-large size-large wp-image-1189\" alt=\"\" \/>\t\t\t\t\t\t\t\t\t\t\t\t\t\t\t<\/div>\n\t\t\t\t<\/div>\n\t\t\t\t\t<\/div>\n\t\t\t\t<\/div>\n\t\t<div class=\"elementor-element elementor-element-9dcaece e-flex e-con-boxed wpr-particle-no wpr-jarallax-no wpr-parallax-no wpr-sticky-section-no e-con e-parent\" data-id=\"9dcaece\" data-element_type=\"container\">\n\t\t\t\t\t<div class=\"e-con-inner\">\n\t\t\t\t<div class=\"elementor-element elementor-element-aac8229 elementor-widget elementor-widget-image-box\" data-id=\"aac8229\" data-element_type=\"widget\" data-widget_type=\"image-box.default\">\n\t\t\t\t<div class=\"elementor-widget-container\">\n\t\t\t\t\t<div class=\"elementor-image-box-wrapper\"><div class=\"elementor-image-box-content\"><h3 class=\"elementor-image-box-title\">Automatice Privacy<\/h3><p class=\"elementor-image-box-description\">Utilice el poder de <a href=\"MY_PATH\"> DATPROF Runtime <\/a>para implementar y automatizar el enmascarado de datos de prueba.<\/p><\/div><\/div>\t\t\t\t<\/div>\n\t\t\t\t<\/div>\n\t\t\t\t\t<\/div>\n\t\t\t\t<\/div>\n\t\t\t\t<\/div>\n\t\t","protected":false},"excerpt":{"rendered":"<p>Privacy El desarrollo de software moderno requiere datos de prueba realistas y representativos.\u00a0DATPROF Privacy enmascara los datos de su prueba y genera datos sint\u00e9ticos.\u00a0Los datos de sus clientes est\u00e1n protegidos, pero los equipos de software a\u00fan pueden utilizar datos de prueba representativos. Caracter\u00edsticas Preserve las caracter\u00edsticas de sus datos. Datos consistentes en m\u00faltiples aplicaciones y &hellip;<\/p>\n<p class=\"read-more\"> <a class=\"\" href=\"https:\/\/grupopf.com.mx\/index.php\/privacy\/\"> <span class=\"screen-reader-text\">Privacy<\/span> Read More &raquo;<\/a><\/p>\n","protected":false},"author":2,"featured_media":0,"parent":0,"menu_order":0,"comment_status":"closed","ping_status":"closed","template":"","meta":{"_eb_attr":"","_uag_custom_page_level_css":"","site-sidebar-layout":"no-sidebar","site-content-layout":"page-builder","ast-global-header-display":"","ast-main-header-display":"","ast-hfb-above-header-display":"","ast-hfb-below-header-display":"","ast-hfb-mobile-header-display":"","site-post-title":"disabled","ast-breadcrumbs-content":"","ast-featured-img":"disabled","footer-sml-layout":"","theme-transparent-header-meta":"","adv-header-id-meta":"","stick-header-meta":"","header-above-stick-meta":"","header-main-stick-meta":"","header-below-stick-meta":"","footnotes":""},"class_list":["post-1151","page","type-page","status-publish","hentry"],"uagb_featured_image_src":{"full":false,"thumbnail":false,"medium":false,"medium_large":false,"large":false,"1536x1536":false,"2048x2048":false,"slider-bg":false,"card-grid":false,"card-list":false},"uagb_author_info":{"display_name":"Erasmo Juarez","author_link":"https:\/\/grupopf.com.mx\/index.php\/author\/ejuarez\/"},"uagb_comment_info":0,"uagb_excerpt":"Privacy El desarrollo de software moderno requiere datos de prueba realistas y representativos.\u00a0DATPROF Privacy enmascara los datos de su prueba y genera datos sint\u00e9ticos.\u00a0Los datos de sus clientes est\u00e1n protegidos, pero los equipos de software a\u00fan pueden utilizar datos de prueba representativos. Caracter\u00edsticas Preserve las caracter\u00edsticas de sus datos. Datos consistentes en m\u00faltiples aplicaciones y&hellip;","rttpg_featured_image_url":null,"rttpg_author":{"display_name":"Erasmo Juarez","author_link":"https:\/\/grupopf.com.mx\/index.php\/author\/ejuarez\/"},"rttpg_comment":0,"rttpg_category":null,"rttpg_excerpt":"Privacy El desarrollo de software moderno requiere datos de prueba realistas y representativos.\u00a0DATPROF Privacy enmascara los datos de su prueba y genera datos sint\u00e9ticos.\u00a0Los datos de sus clientes est\u00e1n protegidos, pero los equipos de software a\u00fan pueden utilizar datos de prueba representativos. Caracter\u00edsticas Preserve las caracter\u00edsticas de sus datos. Datos consistentes en m\u00faltiples aplicaciones y&hellip;","_links":{"self":[{"href":"https:\/\/grupopf.com.mx\/index.php\/wp-json\/wp\/v2\/pages\/1151","targetHints":{"allow":["GET"]}}],"collection":[{"href":"https:\/\/grupopf.com.mx\/index.php\/wp-json\/wp\/v2\/pages"}],"about":[{"href":"https:\/\/grupopf.com.mx\/index.php\/wp-json\/wp\/v2\/types\/page"}],"author":[{"embeddable":true,"href":"https:\/\/grupopf.com.mx\/index.php\/wp-json\/wp\/v2\/users\/2"}],"replies":[{"embeddable":true,"href":"https:\/\/grupopf.com.mx\/index.php\/wp-json\/wp\/v2\/comments?post=1151"}],"version-history":[{"count":10,"href":"https:\/\/grupopf.com.mx\/index.php\/wp-json\/wp\/v2\/pages\/1151\/revisions"}],"predecessor-version":[{"id":1265,"href":"https:\/\/grupopf.com.mx\/index.php\/wp-json\/wp\/v2\/pages\/1151\/revisions\/1265"}],"wp:attachment":[{"href":"https:\/\/grupopf.com.mx\/index.php\/wp-json\/wp\/v2\/media?parent=1151"}],"curies":[{"name":"wp","href":"https:\/\/api.w.org\/{rel}","templated":true}]}}