{"id":1098,"date":"2023-10-04T21:08:25","date_gmt":"2023-10-04T21:08:25","guid":{"rendered":"https:\/\/grupopf.com.mx\/?page_id=1098"},"modified":"2024-04-16T02:09:14","modified_gmt":"2024-04-16T02:09:14","slug":"subset","status":"publish","type":"page","link":"https:\/\/grupopf.com.mx\/index.php\/subset\/","title":{"rendered":"Subset"},"content":{"rendered":"\t\t<div data-elementor-type=\"wp-page\" data-elementor-id=\"1098\" class=\"elementor elementor-1098\">\n\t\t\t\t<div class=\"elementor-element elementor-element-c2b1c1c e-flex e-con-boxed wpr-particle-no wpr-jarallax-no wpr-parallax-no wpr-sticky-section-no e-con e-parent\" data-id=\"c2b1c1c\" data-element_type=\"container\">\n\t\t\t\t\t<div class=\"e-con-inner\">\n\t\t\t\t\t<\/div>\n\t\t\t\t<\/div>\n\t\t<div class=\"elementor-element elementor-element-ffe41aa e-flex e-con-boxed wpr-particle-no wpr-jarallax-no wpr-parallax-no wpr-sticky-section-no e-con e-parent\" data-id=\"ffe41aa\" data-element_type=\"container\">\n\t\t\t\t\t<div class=\"e-con-inner\">\n\t\t\t\t\t<\/div>\n\t\t\t\t<\/div>\n\t\t<div class=\"elementor-element elementor-element-5268159 e-flex e-con-boxed wpr-particle-no wpr-jarallax-no wpr-parallax-no wpr-sticky-section-no e-con e-parent\" data-id=\"5268159\" data-element_type=\"container\" data-settings=\"{&quot;background_background&quot;:&quot;gradient&quot;}\">\n\t\t\t\t\t<div class=\"e-con-inner\">\n\t\t<div class=\"elementor-element elementor-element-2dfec93 e-con-full e-flex wpr-particle-no wpr-jarallax-no wpr-parallax-no wpr-sticky-section-no e-con e-child\" data-id=\"2dfec93\" data-element_type=\"container\">\n\t\t\t\t<div class=\"elementor-element elementor-element-175c02d elementor-widget elementor-widget-page-title\" data-id=\"175c02d\" data-element_type=\"widget\" data-widget_type=\"page-title.default\">\n\t\t\t\t<div class=\"elementor-widget-container\">\n\t\t\t\t\t\t\t\n\t\t<div class=\"hfe-page-title hfe-page-title-wrapper elementor-widget-heading\">\n\n\t\t\t\t\t\t\t\t\t\t\t<a href=\"https:\/\/grupopf.com.mx\">\n\t\t\t\t\t\t<h2 class=\"elementor-heading-title elementor-size-default\">\n\t\t\t\t\t\t\t\t\n\t\t\t\tSubset  \n\t\t\t<\/h2 > \n\t\t\t\t\t\t\t\t\t<\/a>\n\t\t\t\t\t<\/div>\n\t\t\t\t\t\t<\/div>\n\t\t\t\t<\/div>\n\t\t\t\t<div class=\"elementor-element elementor-element-6d1ef65 elementor-widget elementor-widget-text-editor\" data-id=\"6d1ef65\" data-element_type=\"widget\" data-widget_type=\"text-editor.default\">\n\t\t\t\t<div class=\"elementor-widget-container\">\n\t\t\t\t\t\t\t\t\t<p><span>El desarrollo de software moderno requiere datos de prueba representativos que puedan estar disponibles f\u00e1cil y r\u00e1pidamente.\u00a0<\/span><span>DATPROF Subset extrae selecciones espec\u00edficas de las bases de datos de producci\u00f3n y las pone directamente a disposici\u00f3n dentro del entorno de prueba.<\/span><\/p>\t\t\t\t\t\t\t\t<\/div>\n\t\t\t\t<\/div>\n\t\t\t\t<\/div>\n\t\t<div class=\"elementor-element elementor-element-ed40013 e-con-full e-flex wpr-particle-no wpr-jarallax-no wpr-parallax-no wpr-sticky-section-no e-con e-child\" data-id=\"ed40013\" data-element_type=\"container\" data-settings=\"{&quot;background_background&quot;:&quot;classic&quot;}\">\n\t\t\t\t<div class=\"elementor-element elementor-element-1cba637 elementor-widget elementor-widget-text-editor\" data-id=\"1cba637\" data-element_type=\"widget\" data-widget_type=\"text-editor.default\">\n\t\t\t\t<div class=\"elementor-widget-container\">\n\t\t\t\t\t\t\t\t\t<strong>Caracter\u00edsticas<\/strong>\t\t\t\t\t\t\t\t<\/div>\n\t\t\t\t<\/div>\n\t\t\t\t<div class=\"elementor-element elementor-element-046c68e elementor-widget elementor-widget-text-editor\" data-id=\"046c68e\" data-element_type=\"widget\" data-widget_type=\"text-editor.default\">\n\t\t\t\t<div class=\"elementor-widget-container\">\n\t\t\t\t\t\t\t\t\t<ul><li>Subconjuntos consistentes<\/li><li>Alto rendimiento en bases de datos grandes<\/li><li>Consitencia en multiples aplicaciones y bases de datos<\/li><li>Facil y rapido de implementar.<\/li><\/ul>\t\t\t\t\t\t\t\t<\/div>\n\t\t\t\t<\/div>\n\t\t\t\t<div class=\"elementor-element elementor-element-355f510 elementor-align-left elementor-widget elementor-widget-button\" data-id=\"355f510\" data-element_type=\"widget\" data-widget_type=\"button.default\">\n\t\t\t\t<div class=\"elementor-widget-container\">\n\t\t\t\t\t\t\t\t\t<div class=\"elementor-button-wrapper\">\n\t\t\t\t\t<a class=\"elementor-button elementor-button-link elementor-size-sm\" href=\"https:\/\/grupopf.com.mx\/index.php\/contact\/\">\n\t\t\t\t\t\t<span class=\"elementor-button-content-wrapper\">\n\t\t\t\t\t\t\t\t\t<span class=\"elementor-button-text\">Conoce mas...<\/span>\n\t\t\t\t\t<\/span>\n\t\t\t\t\t<\/a>\n\t\t\t\t<\/div>\n\t\t\t\t\t\t\t\t<\/div>\n\t\t\t\t<\/div>\n\t\t\t\t<\/div>\n\t\t\t\t\t<\/div>\n\t\t\t\t<\/div>\n\t\t<div class=\"elementor-element elementor-element-4f59e13 e-flex e-con-boxed wpr-particle-no wpr-jarallax-no wpr-parallax-no wpr-sticky-section-no e-con e-parent\" data-id=\"4f59e13\" data-element_type=\"container\">\n\t\t\t\t\t<div class=\"e-con-inner\">\n\t\t\t\t<div class=\"elementor-element elementor-element-0752b33 elementor-widget elementor-widget-heading\" data-id=\"0752b33\" data-element_type=\"widget\" data-widget_type=\"heading.default\">\n\t\t\t\t<div class=\"elementor-widget-container\">\n\t\t\t\t\t<h3 class=\"elementor-heading-title elementor-size-default\">Beneficios de Data Subseting<\/h3>\t\t\t\t<\/div>\n\t\t\t\t<\/div>\n\t\t\t\t\t<\/div>\n\t\t\t\t<\/div>\n\t\t<div class=\"elementor-element elementor-element-58ad1de e-flex e-con-boxed wpr-particle-no wpr-jarallax-no wpr-parallax-no wpr-sticky-section-no e-con e-parent\" data-id=\"58ad1de\" data-element_type=\"container\">\n\t\t\t\t\t<div class=\"e-con-inner\">\n\t\t\t\t<div class=\"elementor-element elementor-element-fede8a8 elementor-position-top elementor-widget elementor-widget-image-box\" data-id=\"fede8a8\" data-element_type=\"widget\" data-widget_type=\"image-box.default\">\n\t\t\t\t<div class=\"elementor-widget-container\">\n\t\t\t\t\t<div class=\"elementor-image-box-wrapper\"><figure class=\"elementor-image-box-img\"><img fetchpriority=\"high\" decoding=\"async\" width=\"600\" height=\"648\" src=\"https:\/\/grupopf.com.mx\/wp-content\/uploads\/2023\/11\/fast-600x648.jpg\" class=\"attachment-card-grid size-card-grid wp-image-1182\" alt=\"\" \/><\/figure><div class=\"elementor-image-box-content\"><h4 class=\"elementor-image-box-title\">Rapido<\/h4><p class=\"elementor-image-box-description\">Trabaje con subset de datos de forma r\u00e1pida. <br>\nRefresque mas seguido y provea a cada equipo con sus propios datos de prueba<\/p><\/div><\/div>\t\t\t\t<\/div>\n\t\t\t\t<\/div>\n\t\t\t\t<div class=\"elementor-element elementor-element-e2d0451 elementor-position-top elementor-widget elementor-widget-image-box\" data-id=\"e2d0451\" data-element_type=\"widget\" data-widget_type=\"image-box.default\">\n\t\t\t\t<div class=\"elementor-widget-container\">\n\t\t\t\t\t<div class=\"elementor-image-box-wrapper\"><figure class=\"elementor-image-box-img\"><img decoding=\"async\" width=\"665\" height=\"503\" src=\"https:\/\/grupopf.com.mx\/wp-content\/uploads\/2023\/11\/sabeCosts.jpg\" class=\"attachment-full size-full wp-image-1179\" alt=\"\" \/><\/figure><div class=\"elementor-image-box-content\"><h4 class=\"elementor-image-box-title\">Reduce costos <\/h4><p class=\"elementor-image-box-description\">Reduzca m\u00e1s  costos en hardware e infraestructura al usar peque\u00f1os sets de datos productivos dentro de sus ambientes de pruebas<\/p><\/div><\/div>\t\t\t\t<\/div>\n\t\t\t\t<\/div>\n\t\t\t\t<div class=\"elementor-element elementor-element-538bef8 elementor-position-top elementor-widget elementor-widget-image-box\" data-id=\"538bef8\" data-element_type=\"widget\" data-widget_type=\"image-box.default\">\n\t\t\t\t<div class=\"elementor-widget-container\">\n\t\t\t\t\t<div class=\"elementor-image-box-wrapper\"><figure class=\"elementor-image-box-img\"><img decoding=\"async\" width=\"707\" height=\"497\" src=\"https:\/\/grupopf.com.mx\/wp-content\/uploads\/2023\/11\/dependenci.jpg\" class=\"attachment-full size-full wp-image-1180\" alt=\"\" \/><\/figure><div class=\"elementor-image-box-content\"><h4 class=\"elementor-image-box-title\">Menos dependencias<\/h4><p class=\"elementor-image-box-description\">Entregue a cada equipos sus propios datos de prueba para acelerar sus desarrollos eliminando dependencias entre equipos.<\/p><\/div><\/div>\t\t\t\t<\/div>\n\t\t\t\t<\/div>\n\t\t\t\t\t<\/div>\n\t\t\t\t<\/div>\n\t\t<div class=\"elementor-element elementor-element-5d7be80 e-flex e-con-boxed wpr-particle-no wpr-jarallax-no wpr-parallax-no wpr-sticky-section-no e-con e-parent\" data-id=\"5d7be80\" data-element_type=\"container\" data-settings=\"{&quot;background_background&quot;:&quot;classic&quot;}\">\n\t\t\t\t\t<div class=\"e-con-inner\">\n\t\t<div class=\"elementor-element elementor-element-9487025 e-con-full e-flex wpr-particle-no wpr-jarallax-no wpr-parallax-no wpr-sticky-section-no e-con e-child\" data-id=\"9487025\" data-element_type=\"container\">\n\t\t\t\t<div class=\"elementor-element elementor-element-3d25f1b elementor-widget elementor-widget-image\" data-id=\"3d25f1b\" data-element_type=\"widget\" data-widget_type=\"image.default\">\n\t\t\t\t<div class=\"elementor-widget-container\">\n\t\t\t\t\t\t\t\t\t\t\t\t\t\t\t<img loading=\"lazy\" decoding=\"async\" width=\"550\" height=\"400\" src=\"https:\/\/grupopf.com.mx\/wp-content\/uploads\/2023\/11\/DATPROF-UI-multi-database-subsetting-2.png\" class=\"attachment-large size-large wp-image-1183\" alt=\"\" \/>\t\t\t\t\t\t\t\t\t\t\t\t\t\t\t<\/div>\n\t\t\t\t<\/div>\n\t\t\t\t<\/div>\n\t\t<div class=\"elementor-element elementor-element-a6d10ad e-con-full e-flex wpr-particle-no wpr-jarallax-no wpr-parallax-no wpr-sticky-section-no e-con e-child\" data-id=\"a6d10ad\" data-element_type=\"container\">\n\t\t\t\t<div class=\"elementor-element elementor-element-1b6ae85 elementor-widget elementor-widget-image-box\" data-id=\"1b6ae85\" data-element_type=\"widget\" data-widget_type=\"image-box.default\">\n\t\t\t\t<div class=\"elementor-widget-container\">\n\t\t\t\t\t<div class=\"elementor-image-box-wrapper\"><div class=\"elementor-image-box-content\"><h4 class=\"elementor-image-box-title\">Subset de multiples bases de datos<\/h4><p class=\"elementor-image-box-description\">Cree sets de sus bases de datos que contengan solo una parte de los registros y al mismo tiempo, permanezcan referencialmente intactos en m\u00faltiples bases de datos, como CRM, ERP y sistemas financieros.<\/p><\/div><\/div>\t\t\t\t<\/div>\n\t\t\t\t<\/div>\n\t\t\t\t<div class=\"elementor-element elementor-element-36ea891 elementor-widget elementor-widget-image-box\" data-id=\"36ea891\" data-element_type=\"widget\" data-widget_type=\"image-box.default\">\n\t\t\t\t<div class=\"elementor-widget-container\">\n\t\t\t\t\t<div class=\"elementor-image-box-wrapper\"><div class=\"elementor-image-box-content\"><h4 class=\"elementor-image-box-title\">Algoritmo patentado<\/h4><p class=\"elementor-image-box-description\">Nuestro algoritmo patentado detecta ciclos de claves externas y filtra bidireccionalmente datos de relaciones entre padres e hijos. Esto le permite subconjuntos eficientes de miles de tablas, lo que da como resultado datos de prueba r\u00e1pidos y compactos.<\/p><\/div><\/div>\t\t\t\t<\/div>\n\t\t\t\t<\/div>\n\t\t\t\t<\/div>\n\t\t\t\t\t<\/div>\n\t\t\t\t<\/div>\n\t\t<div class=\"elementor-element elementor-element-cff6192 e-flex e-con-boxed wpr-particle-no wpr-jarallax-no wpr-parallax-no wpr-sticky-section-no e-con e-parent\" data-id=\"cff6192\" data-element_type=\"container\" data-settings=\"{&quot;background_background&quot;:&quot;classic&quot;}\">\n\t\t\t\t\t<div class=\"e-con-inner\">\n\t\t<div class=\"elementor-element elementor-element-60e92cc e-con-full e-flex wpr-particle-no wpr-jarallax-no wpr-parallax-no wpr-sticky-section-no e-con e-child\" data-id=\"60e92cc\" data-element_type=\"container\">\n\t\t\t\t<div class=\"elementor-element elementor-element-6a8c498 elementor-widget elementor-widget-image-box\" data-id=\"6a8c498\" data-element_type=\"widget\" data-widget_type=\"image-box.default\">\n\t\t\t\t<div class=\"elementor-widget-container\">\n\t\t\t\t\t<div class=\"elementor-image-box-wrapper\"><div class=\"elementor-image-box-content\"><h4 class=\"elementor-image-box-title\">Alto rendimiento<\/h4><p class=\"elementor-image-box-description\">\nLas bases de datos empresariales suelen contener miles de tablas y terabytes de datos. Mediante el procesamiento paralelo, los datos se extraen y subdividen directamente dentro de la base de datos, lo que le permite crear subconjuntos de millones de filas r\u00e1pidamente.<\/p><\/div><\/div>\t\t\t\t<\/div>\n\t\t\t\t<\/div>\n\t\t\t\t<div class=\"elementor-element elementor-element-7cd736e elementor-widget elementor-widget-image-box\" data-id=\"7cd736e\" data-element_type=\"widget\" data-widget_type=\"image-box.default\">\n\t\t\t\t<div class=\"elementor-widget-container\">\n\t\t\t\t\t<div class=\"elementor-image-box-wrapper\"><div class=\"elementor-image-box-content\"><h4 class=\"elementor-image-box-title\">Personalizable<\/h4><p class=\"elementor-image-box-description\">Divida su base de datos con filtros adicionales para garantizar el tama\u00f1o exacto de su base de datos. Utilice expresiones de columna para modificar datos durante el subconjunto. Agregue scripts SQL y OSCALL personalizados antes, durante y despu\u00e9s del proceso del subconjunto.<\/p><\/div><\/div>\t\t\t\t<\/div>\n\t\t\t\t<\/div>\n\t\t\t\t<\/div>\n\t\t<div class=\"elementor-element elementor-element-c847002 e-con-full e-flex wpr-particle-no wpr-jarallax-no wpr-parallax-no wpr-sticky-section-no e-con e-child\" data-id=\"c847002\" data-element_type=\"container\">\n\t\t\t\t<div class=\"elementor-element elementor-element-6ad4c68 elementor-widget elementor-widget-image\" data-id=\"6ad4c68\" data-element_type=\"widget\" data-widget_type=\"image.default\">\n\t\t\t\t<div class=\"elementor-widget-container\">\n\t\t\t\t\t\t\t\t\t\t\t\t\t\t\t<img loading=\"lazy\" decoding=\"async\" width=\"550\" height=\"400\" src=\"https:\/\/grupopf.com.mx\/wp-content\/uploads\/2023\/11\/DATPROF-UI-subset-classification-2.png\" class=\"attachment-large size-large wp-image-1184\" alt=\"\" \/>\t\t\t\t\t\t\t\t\t\t\t\t\t\t\t<\/div>\n\t\t\t\t<\/div>\n\t\t\t\t<\/div>\n\t\t\t\t\t<\/div>\n\t\t\t\t<\/div>\n\t\t<div class=\"elementor-element elementor-element-b35e775 e-flex e-con-boxed wpr-particle-no wpr-jarallax-no wpr-parallax-no wpr-sticky-section-no e-con e-parent\" data-id=\"b35e775\" data-element_type=\"container\" data-settings=\"{&quot;background_background&quot;:&quot;classic&quot;}\">\n\t\t\t\t\t<div class=\"e-con-inner\">\n\t\t<div class=\"elementor-element elementor-element-68bc309 e-con-full e-flex wpr-particle-no wpr-jarallax-no wpr-parallax-no wpr-sticky-section-no e-con e-child\" data-id=\"68bc309\" data-element_type=\"container\">\n\t\t\t\t<div class=\"elementor-element elementor-element-4533244 elementor-widget elementor-widget-image\" data-id=\"4533244\" data-element_type=\"widget\" data-widget_type=\"image.default\">\n\t\t\t\t<div class=\"elementor-widget-container\">\n\t\t\t\t\t\t\t\t\t\t\t\t\t\t\t<img loading=\"lazy\" decoding=\"async\" width=\"550\" height=\"400\" src=\"https:\/\/grupopf.com.mx\/wp-content\/uploads\/2023\/11\/DATPROF-UI-Subset-Runtime-1.png\" class=\"attachment-large size-large wp-image-1185\" alt=\"\" \/>\t\t\t\t\t\t\t\t\t\t\t\t\t\t\t<\/div>\n\t\t\t\t<\/div>\n\t\t\t\t<\/div>\n\t\t<div class=\"elementor-element elementor-element-6a8c836 e-con-full e-flex wpr-particle-no wpr-jarallax-no wpr-parallax-no wpr-sticky-section-no e-con e-child\" data-id=\"6a8c836\" data-element_type=\"container\">\n\t\t\t\t<div class=\"elementor-element elementor-element-295b245 elementor-widget elementor-widget-image-box\" data-id=\"295b245\" data-element_type=\"widget\" data-widget_type=\"image-box.default\">\n\t\t\t\t<div class=\"elementor-widget-container\">\n\t\t\t\t\t<div class=\"elementor-image-box-wrapper\"><div class=\"elementor-image-box-content\"><h4 class=\"elementor-image-box-title\">Alto Rendimiento<\/h4><p class=\"elementor-image-box-description\">Las bases de datos empresariales suelen contener miles de tablas y terabytes de datos. Mediante el procesamiento paralelo, los datos se extraen y subdividen directamente dentro de la base de datos, lo que le permite crear subsets de millones de filas r\u00e1pidamente.<\/p><\/div><\/div>\t\t\t\t<\/div>\n\t\t\t\t<\/div>\n\t\t\t\t<div class=\"elementor-element elementor-element-2bf4e8d elementor-widget elementor-widget-image-box\" data-id=\"2bf4e8d\" data-element_type=\"widget\" data-widget_type=\"image-box.default\">\n\t\t\t\t<div class=\"elementor-widget-container\">\n\t\t\t\t\t<div class=\"elementor-image-box-wrapper\"><div class=\"elementor-image-box-content\"><h4 class=\"elementor-image-box-title\">Personalizable<\/h4><p class=\"elementor-image-box-description\">Divida su base de datos con inicio personalizado y filtros adicionales para garantizar el tama\u00f1o exacto de su base de datos. Utilice column expression para modificar datos durante el subsetting. Agregue scripts SQL y OSCALL personalizados antes, durante y despu\u00e9s del proceso del subsetting.<br><\/p><\/div><\/div>\t\t\t\t<\/div>\n\t\t\t\t<\/div>\n\t\t\t\t<\/div>\n\t\t\t\t\t<\/div>\n\t\t\t\t<\/div>\n\t\t<div class=\"elementor-element elementor-element-c5ec776 e-flex e-con-boxed wpr-particle-no wpr-jarallax-no wpr-parallax-no wpr-sticky-section-no e-con e-parent\" data-id=\"c5ec776\" data-element_type=\"container\">\n\t\t\t\t\t<div class=\"e-con-inner\">\n\t\t\t\t<div class=\"elementor-element elementor-element-9af3a75 elementor-widget elementor-widget-heading\" data-id=\"9af3a75\" data-element_type=\"widget\" data-widget_type=\"heading.default\">\n\t\t\t\t<div class=\"elementor-widget-container\">\n\t\t\t\t\t<h3 class=\"elementor-heading-title elementor-size-default\">Compatible con las principales tecnolog\u00edas de bases de datos<\/h3>\t\t\t\t<\/div>\n\t\t\t\t<\/div>\n\t\t\t\t\t<\/div>\n\t\t\t\t<\/div>\n\t\t<div class=\"elementor-element elementor-element-4c59ec3 e-flex e-con-boxed wpr-particle-no wpr-jarallax-no wpr-parallax-no wpr-sticky-section-no e-con e-parent\" data-id=\"4c59ec3\" data-element_type=\"container\">\n\t\t\t\t\t<div class=\"e-con-inner\">\n\t\t\t\t<div class=\"elementor-element elementor-element-26de0cf elementor-widget elementor-widget-image\" data-id=\"26de0cf\" data-element_type=\"widget\" data-widget_type=\"image.default\">\n\t\t\t\t<div class=\"elementor-widget-container\">\n\t\t\t\t\t\t\t\t\t\t\t\t\t\t\t<img loading=\"lazy\" decoding=\"async\" width=\"980\" height=\"78\" src=\"https:\/\/grupopf.com.mx\/wp-content\/uploads\/2023\/11\/supported-db-technologies-1-980x78-1.png\" class=\"attachment-large size-large wp-image-1189\" alt=\"\" \/>\t\t\t\t\t\t\t\t\t\t\t\t\t\t\t<\/div>\n\t\t\t\t<\/div>\n\t\t\t\t\t<\/div>\n\t\t\t\t<\/div>\n\t\t<div class=\"elementor-element elementor-element-9dcaece e-flex e-con-boxed wpr-particle-no wpr-jarallax-no wpr-parallax-no wpr-sticky-section-no e-con e-parent\" data-id=\"9dcaece\" data-element_type=\"container\">\n\t\t\t\t\t<div class=\"e-con-inner\">\n\t\t\t\t<div class=\"elementor-element elementor-element-aac8229 elementor-widget elementor-widget-image-box\" data-id=\"aac8229\" data-element_type=\"widget\" data-widget_type=\"image-box.default\">\n\t\t\t\t<div class=\"elementor-widget-container\">\n\t\t\t\t\t<div class=\"elementor-image-box-wrapper\"><div class=\"elementor-image-box-content\"><h3 class=\"elementor-image-box-title\">Automatice Subset<\/h3><p class=\"elementor-image-box-description\">Utilice el poder de <a href=\"https:\/\/grupopf.com.mx\/index.php\/runtime\/\"> DATPROF Runtime <\/a>para implementar y automatizar subconjuntos de datos de prueba.<\/p><\/div><\/div>\t\t\t\t<\/div>\n\t\t\t\t<\/div>\n\t\t\t\t\t<\/div>\n\t\t\t\t<\/div>\n\t\t\t\t<\/div>\n\t\t","protected":false},"excerpt":{"rendered":"<p>Subset El desarrollo de software moderno requiere datos de prueba representativos que puedan estar disponibles f\u00e1cil y r\u00e1pidamente.\u00a0DATPROF Subset extrae selecciones espec\u00edficas de las bases de datos de producci\u00f3n y las pone directamente a disposici\u00f3n dentro del entorno de prueba. Caracter\u00edsticas Subconjuntos consistentes Alto rendimiento en bases de datos grandes Consitencia en multiples aplicaciones y &hellip;<\/p>\n<p class=\"read-more\"> <a class=\"\" href=\"https:\/\/grupopf.com.mx\/index.php\/subset\/\"> <span class=\"screen-reader-text\">Subset<\/span> Read More &raquo;<\/a><\/p>\n","protected":false},"author":2,"featured_media":0,"parent":0,"menu_order":0,"comment_status":"closed","ping_status":"closed","template":"","meta":{"_eb_attr":"","_uag_custom_page_level_css":"","site-sidebar-layout":"no-sidebar","site-content-layout":"page-builder","ast-global-header-display":"","ast-main-header-display":"","ast-hfb-above-header-display":"","ast-hfb-below-header-display":"","ast-hfb-mobile-header-display":"","site-post-title":"disabled","ast-breadcrumbs-content":"","ast-featured-img":"disabled","footer-sml-layout":"","theme-transparent-header-meta":"","adv-header-id-meta":"","stick-header-meta":"","header-above-stick-meta":"","header-main-stick-meta":"","header-below-stick-meta":"","footnotes":""},"class_list":["post-1098","page","type-page","status-publish","hentry"],"uagb_featured_image_src":{"full":false,"thumbnail":false,"medium":false,"medium_large":false,"large":false,"1536x1536":false,"2048x2048":false,"slider-bg":false,"card-grid":false,"card-list":false},"uagb_author_info":{"display_name":"Erasmo Juarez","author_link":"https:\/\/grupopf.com.mx\/index.php\/author\/ejuarez\/"},"uagb_comment_info":0,"uagb_excerpt":"Subset El desarrollo de software moderno requiere datos de prueba representativos que puedan estar disponibles f\u00e1cil y r\u00e1pidamente.\u00a0DATPROF Subset extrae selecciones espec\u00edficas de las bases de datos de producci\u00f3n y las pone directamente a disposici\u00f3n dentro del entorno de prueba. Caracter\u00edsticas Subconjuntos consistentes Alto rendimiento en bases de datos grandes Consitencia en multiples aplicaciones y&hellip;","rttpg_featured_image_url":null,"rttpg_author":{"display_name":"Erasmo Juarez","author_link":"https:\/\/grupopf.com.mx\/index.php\/author\/ejuarez\/"},"rttpg_comment":0,"rttpg_category":null,"rttpg_excerpt":"Subset El desarrollo de software moderno requiere datos de prueba representativos que puedan estar disponibles f\u00e1cil y r\u00e1pidamente.\u00a0DATPROF Subset extrae selecciones espec\u00edficas de las bases de datos de producci\u00f3n y las pone directamente a disposici\u00f3n dentro del entorno de prueba. Caracter\u00edsticas Subconjuntos consistentes Alto rendimiento en bases de datos grandes Consitencia en multiples aplicaciones y&hellip;","_links":{"self":[{"href":"https:\/\/grupopf.com.mx\/index.php\/wp-json\/wp\/v2\/pages\/1098","targetHints":{"allow":["GET"]}}],"collection":[{"href":"https:\/\/grupopf.com.mx\/index.php\/wp-json\/wp\/v2\/pages"}],"about":[{"href":"https:\/\/grupopf.com.mx\/index.php\/wp-json\/wp\/v2\/types\/page"}],"author":[{"embeddable":true,"href":"https:\/\/grupopf.com.mx\/index.php\/wp-json\/wp\/v2\/users\/2"}],"replies":[{"embeddable":true,"href":"https:\/\/grupopf.com.mx\/index.php\/wp-json\/wp\/v2\/comments?post=1098"}],"version-history":[{"count":47,"href":"https:\/\/grupopf.com.mx\/index.php\/wp-json\/wp\/v2\/pages\/1098\/revisions"}],"predecessor-version":[{"id":1268,"href":"https:\/\/grupopf.com.mx\/index.php\/wp-json\/wp\/v2\/pages\/1098\/revisions\/1268"}],"wp:attachment":[{"href":"https:\/\/grupopf.com.mx\/index.php\/wp-json\/wp\/v2\/media?parent=1098"}],"curies":[{"name":"wp","href":"https:\/\/api.w.org\/{rel}","templated":true}]}}